{"id":3553,"date":"2023-05-12T12:46:59","date_gmt":"2023-05-12T15:46:59","guid":{"rendered":"https:\/\/imetro.sc.gov.br\/noticias-copy\/"},"modified":"2024-07-04T19:42:47","modified_gmt":"2024-07-04T19:42:47","slug":"artigos","status":"publish","type":"page","link":"https:\/\/www.imetro.sc.gov.br\/?page_id=3553","title":{"rendered":"Artigos"},"content":{"rendered":"<div class=\"pt-cv-wrapper\"><div class=\"pt-cv-view pt-cv-grid pt-cv-colsys\" id=\"pt-cv-view-b3d5a06dsq\"><div data-id=\"pt-cv-page-1\" class=\"pt-cv-page\" data-cvc=\"1\"><div class=\"col-md-12 col-sm-6 col-xs-12 pt-cv-content-item pt-cv-1-col\" ><div class='pt-cv-ifield'><h4 class=\"pt-cv-title\"><a href=\"https:\/\/www.imetro.sc.gov.br\/?p=5557\" class=\"_self\" target=\"_self\" >Mem\u00f3ria institucional: o Imetro-SC e o caminho para a cria\u00e7\u00e3o de seu museu<\/a><\/h4>\n<div class=\"pt-cv-meta-fields\"><span class=\"entry-date\"> <time datetime=\"2025-12-15T17:02:36-03:00\">15 de dezembro de 2025<\/time><\/span><\/div><\/div><\/div>\n<div class=\"col-md-12 col-sm-6 col-xs-12 pt-cv-content-item pt-cv-1-col\" ><div class='pt-cv-ifield'><h4 class=\"pt-cv-title\"><a href=\"https:\/\/www.imetro.sc.gov.br\/?p=5543\" class=\"_self\" target=\"_self\" >A Engenharia e o Inmetro<\/a><\/h4>\n<div class=\"pt-cv-meta-fields\"><span class=\"entry-date\"> <time datetime=\"2025-12-11T14:32:17-03:00\">11 de dezembro de 2025<\/time><\/span><\/div><\/div><\/div>\n<div class=\"col-md-12 col-sm-6 col-xs-12 pt-cv-content-item pt-cv-1-col\" ><div class='pt-cv-ifield'><h4 class=\"pt-cv-title\"><a href=\"https:\/\/www.imetro.sc.gov.br\/?p=5524\" class=\"_self\" target=\"_self\" >O legado do Superintendente<\/a><\/h4>\n<div class=\"pt-cv-meta-fields\"><span class=\"entry-date\"> <time datetime=\"2025-11-24T14:33:11-03:00\">24 de novembro de 2025<\/time><\/span><\/div><\/div><\/div>\n<div class=\"col-md-12 col-sm-6 col-xs-12 pt-cv-content-item pt-cv-1-col\" ><div class='pt-cv-ifield'><h4 class=\"pt-cv-title\"><a href=\"https:\/\/www.imetro.sc.gov.br\/?p=5099\" class=\"_self\" target=\"_self\" >Fiscaliza\u00e7\u00e3o da Qualidade Legal<\/a><\/h4>\n<div class=\"pt-cv-meta-fields\"><span class=\"entry-date\"> <time datetime=\"2025-03-24T15:10:50-03:00\">24 de mar\u00e7o de 2025<\/time><\/span><\/div><\/div><\/div>\n<div class=\"col-md-12 col-sm-6 col-xs-12 pt-cv-content-item pt-cv-1-col\" ><div class='pt-cv-ifield'><h4 class=\"pt-cv-title\"><a href=\"https:\/\/www.imetro.sc.gov.br\/?p=4873\" class=\"_self\" target=\"_self\" >O Cliente do Inmetro<\/a><\/h4>\n<div class=\"pt-cv-meta-fields\"><span class=\"entry-date\"> <time datetime=\"2024-10-31T13:15:37-03:00\">31 de outubro de 2024<\/time><\/span><\/div><\/div><\/div>\n<div class=\"col-md-12 col-sm-6 col-xs-12 pt-cv-content-item pt-cv-1-col\" ><div class='pt-cv-ifield'><h4 class=\"pt-cv-title\"><a href=\"https:\/\/www.imetro.sc.gov.br\/?p=4716\" class=\"_self\" target=\"_self\" >Vigil\u00e2ncia de Mercado: o pilar que retroalimenta a Infraestrutura da Qualidade<\/a><\/h4>\n<div class=\"pt-cv-meta-fields\"><span class=\"entry-date\"> <time datetime=\"2024-08-12T12:46:23-03:00\">12 de agosto de 2024<\/time><\/span><\/div><\/div><\/div>\n<div class=\"col-md-12 col-sm-6 col-xs-12 pt-cv-content-item pt-cv-1-col\" ><div class='pt-cv-ifield'><h4 class=\"pt-cv-title\"><a href=\"https:\/\/www.imetro.sc.gov.br\/?p=4584\" class=\"_self\" target=\"_self\" >Voc\u00ea sabe o que \u00e9 Infraestrutura da Qualidade?<\/a><\/h4>\n<div class=\"pt-cv-meta-fields\"><span class=\"entry-date\"> <time datetime=\"2024-07-10T12:58:58-03:00\">10 de julho de 2024<\/time><\/span><\/div><\/div><\/div>\n<div class=\"col-md-12 col-sm-6 col-xs-12 pt-cv-content-item pt-cv-1-col\" ><div class='pt-cv-ifield'><h4 class=\"pt-cv-title\"><a href=\"https:\/\/www.imetro.sc.gov.br\/?p=4562\" class=\"_self\" target=\"_self\" >Metrologistas: os guardi\u00f5es das medidas<\/a><\/h4>\n<div class=\"pt-cv-meta-fields\"><span class=\"entry-date\"> <time datetime=\"2024-07-01T14:32:00-03:00\">1 de julho de 2024<\/time><\/span><\/div><\/div><\/div>\n<div class=\"col-md-12 col-sm-6 col-xs-12 pt-cv-content-item pt-cv-1-col\" ><div class='pt-cv-ifield'><h4 class=\"pt-cv-title\"><a href=\"https:\/\/www.imetro.sc.gov.br\/?p=4212\" class=\"_self\" target=\"_self\" >Voc\u00ea cuida dos seus documentos pessoais?<\/a><\/h4>\n<div class=\"pt-cv-meta-fields\"><span class=\"entry-date\"> <time datetime=\"2024-06-11T17:01:02-03:00\">11 de junho de 2024<\/time><\/span><\/div><\/div><\/div>\n<div class=\"col-md-12 col-sm-6 col-xs-12 pt-cv-content-item pt-cv-1-col\" ><div class='pt-cv-ifield'><h4 class=\"pt-cv-title\"><a href=\"https:\/\/www.imetro.sc.gov.br\/?p=4184\" class=\"_self\" target=\"_self\" >Combate \u00e0 fraude \u00e9 prioridade no Imetro-SC<\/a><\/h4>\n<div class=\"pt-cv-meta-fields\"><span class=\"entry-date\"> <time datetime=\"2024-05-14T13:43:07-03:00\">14 de maio de 2024<\/time><\/span><\/div><\/div><\/div>\n<div class=\"col-md-12 col-sm-6 col-xs-12 pt-cv-content-item pt-cv-1-col\" ><div class='pt-cv-ifield'><h4 class=\"pt-cv-title\"><a href=\"https:\/\/www.imetro.sc.gov.br\/?p=4084\" class=\"_self\" target=\"_self\" >Tamanho n\u00e3o \u00e9 documento, quando o assunto \u00e9 ovo de P\u00e1scoa e pescado congelado<\/a><\/h4>\n<div class=\"pt-cv-meta-fields\"><span class=\"entry-date\"> <time datetime=\"2024-03-26T16:04:40-03:00\">26 de mar\u00e7o de 2024<\/time><\/span><\/div><\/div><\/div>\n<div class=\"col-md-12 col-sm-6 col-xs-12 pt-cv-content-item pt-cv-1-col\" ><div class='pt-cv-ifield'><h4 class=\"pt-cv-title\"><a href=\"https:\/\/www.imetro.sc.gov.br\/?p=4026\" class=\"_self\" target=\"_self\" >Elas fazem a diferen\u00e7a no Imetro-SC<\/a><\/h4>\n<div class=\"pt-cv-meta-fields\"><span class=\"entry-date\"> <time datetime=\"2024-03-11T12:53:51-03:00\">11 de mar\u00e7o de 2024<\/time><\/span><\/div><\/div><\/div>\n<div class=\"col-md-12 col-sm-6 col-xs-12 pt-cv-content-item pt-cv-1-col\" ><div class='pt-cv-ifield'><h4 class=\"pt-cv-title\"><a href=\"https:\/\/www.imetro.sc.gov.br\/?p=3972\" class=\"_self\" target=\"_self\" >J\u00e1 desconfiou do peso do prato em um restaurante a quilo?<\/a><\/h4>\n<div class=\"pt-cv-meta-fields\"><span class=\"entry-date\"> <time datetime=\"2024-02-22T14:15:46-03:00\">22 de fevereiro de 2024<\/time><\/span><\/div><\/div><\/div>\n<div class=\"col-md-12 col-sm-6 col-xs-12 pt-cv-content-item pt-cv-1-col\" ><div class='pt-cv-ifield'><h4 class=\"pt-cv-title\"><a href=\"https:\/\/www.imetro.sc.gov.br\/?p=3897\" class=\"_self\" target=\"_self\" >Simples assim<\/a><\/h4>\n<div class=\"pt-cv-meta-fields\"><span class=\"entry-date\"> <time datetime=\"2024-01-29T14:55:12-03:00\">29 de janeiro de 2024<\/time><\/span><\/div><\/div><\/div>\n<div class=\"col-md-12 col-sm-6 col-xs-12 pt-cv-content-item pt-cv-1-col\" ><div class='pt-cv-ifield'><h4 class=\"pt-cv-title\"><a href=\"https:\/\/www.imetro.sc.gov.br\/?p=3863\" class=\"_self\" target=\"_self\" >Seguran\u00e7a na volta \u00e0s aulas<\/a><\/h4>\n<div class=\"pt-cv-meta-fields\"><span class=\"entry-date\"> <time datetime=\"2024-01-10T18:41:16-03:00\">10 de janeiro de 2024<\/time><\/span><\/div><\/div><\/div>\n<div class=\"col-md-12 col-sm-6 col-xs-12 pt-cv-content-item pt-cv-1-col\" ><div class='pt-cv-ifield'><h4 class=\"pt-cv-title\"><a href=\"https:\/\/www.imetro.sc.gov.br\/?p=3811\" class=\"_self\" target=\"_self\" >O Imetro e o Natal<\/a><\/h4>\n<div class=\"pt-cv-meta-fields\"><span class=\"entry-date\"> <time datetime=\"2023-12-22T12:49:08-03:00\">22 de dezembro de 2023<\/time><\/span><\/div><\/div><\/div>\n<div class=\"col-md-12 col-sm-6 col-xs-12 pt-cv-content-item pt-cv-1-col\" ><div class='pt-cv-ifield'><h4 class=\"pt-cv-title\"><a href=\"https:\/\/www.imetro.sc.gov.br\/?p=3772\" class=\"_self\" target=\"_self\" >Brinquedos: n\u00e3o brinque na hora de comprar ou vender<\/a><\/h4>\n<div class=\"pt-cv-meta-fields\"><span class=\"entry-date\"> <time datetime=\"2023-10-19T17:59:31-03:00\">19 de outubro de 2023<\/time><\/span><\/div><\/div><\/div>\n<div class=\"col-md-12 col-sm-6 col-xs-12 pt-cv-content-item pt-cv-1-col\" ><div class='pt-cv-ifield'><h4 class=\"pt-cv-title\"><a href=\"https:\/\/www.imetro.sc.gov.br\/?p=3676\" class=\"_self\" target=\"_self\" >Os 12 produtos mais autuados pela Fiscaliza\u00e7\u00e3o<\/a><\/h4>\n<div class=\"pt-cv-meta-fields\"><span class=\"entry-date\"> <time datetime=\"2023-07-18T17:57:21-03:00\">18 de julho de 2023<\/time><\/span><\/div><\/div><\/div>\n<div class=\"col-md-12 col-sm-6 col-xs-12 pt-cv-content-item pt-cv-1-col\" ><div class='pt-cv-ifield'><h4 class=\"pt-cv-title\"><a href=\"https:\/\/www.imetro.sc.gov.br\/?p=3650\" class=\"_self\" target=\"_self\" >O perigo oculto nas bijuterias<\/a><\/h4>\n<div class=\"pt-cv-meta-fields\"><span class=\"entry-date\"> <time datetime=\"2023-06-28T15:00:09-03:00\">28 de junho de 2023<\/time><\/span><\/div><\/div><\/div>\n<div class=\"col-md-12 col-sm-6 col-xs-12 pt-cv-content-item pt-cv-1-col\" ><div class='pt-cv-ifield'><h4 class=\"pt-cv-title\"><a href=\"https:\/\/www.imetro.sc.gov.br\/?p=3641\" class=\"_self\" target=\"_self\" >O valor do metrologista<\/a><\/h4>\n<div class=\"pt-cv-meta-fields\"><span class=\"entry-date\"> <time datetime=\"2023-06-28T14:20:57-03:00\">28 de junho de 2023<\/time><\/span><\/div><\/div><\/div><\/div><\/div>\n<div class=\" pt-cv-pagination-wrapper\"><ul class=\"pt-cv-pagination pt-cv-normal pagination\" data-totalpages=\"2\" data-currentpage=\"1\" data-sid=\"b3d5a06dsq\" data-unid=\"\" data-isblock=\"\" data-postid=\"\"><li class=\"active\"><a href=\"#\">1<\/a><\/li>\n\t<li ><a class=\"\" href=\"https:\/\/www.imetro.sc.gov.br\/index.php\/?_page=2&#038;rest_route=%2Fwp%2Fv2%2Fpages%2F3553\">2<\/a><\/li>\n\t<li ><a class=\" \" href=\"https:\/\/www.imetro.sc.gov.br\/index.php\/?_page=2&#038;rest_route=%2Fwp%2Fv2%2Fpages%2F3553\">&rsaquo;<\/a><\/li>\n\t<\/ul><img loading=\"lazy\" decoding=\"async\" width=\"15\" height=\"15\" class=\"pt-cv-spinner\" alt=\"Carregando...;\" src=\"data:image\/gif;base64,R0lGODlhDwAPALMPAMrKygwMDJOTkz09PZWVla+vr3p6euTk5M7OzuXl5TMzMwAAAJmZmWZmZszMzP\/\/\/yH\/C05FVFNDQVBFMi4wAwEAAAAh+QQFCgAPACwAAAAADwAPAAAEQvDJaZaZOIcV8iQK8VRX4iTYoAwZ4iCYoAjZ4RxejhVNoT+mRGP4cyF4Pp0N98sBGIBMEMOotl6YZ3S61Bmbkm4mAgAh+QQFCgAPACwAAAAADQANAAAENPDJSRSZeA418itN8QiK8BiLITVsFiyBBIoYqnoewAD4xPw9iY4XLGYSjkQR4UAUD45DLwIAIfkEBQoADwAsAAAAAA8ACQAABC\/wyVlamTi3nSdgwFNdhEJgTJoNyoB9ISYoQmdjiZPcj7EYCAeCF1gEDo4Dz2eIAAAh+QQFCgAPACwCAAAADQANAAAEM\/DJBxiYeLKdX3IJZT1FU0iIg2RNKx3OkZVnZ98ToRD4MyiDnkAh6BkNC0MvsAj0kMpHBAAh+QQFCgAPACwGAAAACQAPAAAEMDC59KpFDll73HkAA2wVY5KgiK5b0RRoI6MuzG6EQqCDMlSGheEhUAgqgUUAFRySIgAh+QQFCgAPACwCAAIADQANAAAEM\/DJKZNLND\/kkKaHc3xk+QAMYDKsiaqmZCxGVjSFFCxB1vwy2oOgIDxuucxAMTAJFAJNBAAh+QQFCgAPACwAAAYADwAJAAAEMNAs86q1yaWwwv2Ig0jUZx3OYa4XoRAfwADXoAwfo1+CIjyFRuEho60aSNYlOPxEAAAh+QQFCgAPACwAAAIADQANAAAENPA9s4y8+IUVcqaWJ4qEQozSoAzoIyhCK2NFU2SJk0hNnyEOhKR2AzAAj4Pj4GE4W0bkJQIAOw==\" \/><div class=\"clear pt-cv-clear-pagination\"><\/div><\/div><\/div>\n","protected":false},"excerpt":{"rendered":"","protected":false},"author":2,"featured_media":0,"parent":0,"menu_order":0,"comment_status":"closed","ping_status":"closed","template":"","meta":{"_lmt_disableupdate":"","_lmt_disable":"","footnotes":""},"publishpress_future_action":{"enabled":false,"date":"2026-04-15 00:56:02","action":"change-status","newStatus":"draft","terms":[],"taxonomy":""},"_links":{"self":[{"href":"https:\/\/www.imetro.sc.gov.br\/index.php?rest_route=\/wp\/v2\/pages\/3553"}],"collection":[{"href":"https:\/\/www.imetro.sc.gov.br\/index.php?rest_route=\/wp\/v2\/pages"}],"about":[{"href":"https:\/\/www.imetro.sc.gov.br\/index.php?rest_route=\/wp\/v2\/types\/page"}],"author":[{"embeddable":true,"href":"https:\/\/www.imetro.sc.gov.br\/index.php?rest_route=\/wp\/v2\/users\/2"}],"replies":[{"embeddable":true,"href":"https:\/\/www.imetro.sc.gov.br\/index.php?rest_route=%2Fwp%2Fv2%2Fcomments&post=3553"}],"version-history":[{"count":1,"href":"https:\/\/www.imetro.sc.gov.br\/index.php?rest_route=\/wp\/v2\/pages\/3553\/revisions"}],"predecessor-version":[{"id":4546,"href":"https:\/\/www.imetro.sc.gov.br\/index.php?rest_route=\/wp\/v2\/pages\/3553\/revisions\/4546"}],"wp:attachment":[{"href":"https:\/\/www.imetro.sc.gov.br\/index.php?rest_route=%2Fwp%2Fv2%2Fmedia&parent=3553"}],"curies":[{"name":"wp","href":"https:\/\/api.w.org\/{rel}","templated":true}]}}