{"id":248,"date":"2021-07-19T15:33:00","date_gmt":"2021-07-19T18:33:00","guid":{"rendered":"http:\/\/websites.sc.gov.br\/imetrosc\/?page_id=248"},"modified":"2024-07-04T17:06:33","modified_gmt":"2024-07-04T20:06:33","slug":"noticias","status":"publish","type":"page","link":"https:\/\/www.imetro.sc.gov.br\/?page_id=248","title":{"rendered":"Not\u00edcias"},"content":{"rendered":"<div class=\"pt-cv-wrapper\"><div class=\"pt-cv-view pt-cv-grid pt-cv-colsys\" id=\"pt-cv-view-9f77aa65pt\"><div data-id=\"pt-cv-page-1\" class=\"pt-cv-page\" data-cvc=\"1\"><div class=\"col-md-12 col-sm-12 col-xs-12 pt-cv-content-item pt-cv-1-col\" ><div class='pt-cv-ifield'><h4 class=\"pt-cv-title\"><a href=\"https:\/\/www.imetro.sc.gov.br\/?p=5713\" class=\"_self\" target=\"_self\" >Com tecnologia in\u00e9dita, Santa Catarina analisa autenticidade do pescado e primeiros resultados descartam irregularidades<\/a><\/h4>\n<div class=\"pt-cv-meta-fields\"><span class=\"entry-date\"> <time datetime=\"2026-03-31T15:53:11-03:00\">31 de mar\u00e7o de 2026<\/time><\/span><\/div><\/div><\/div>\n<div class=\"col-md-12 col-sm-12 col-xs-12 pt-cv-content-item pt-cv-1-col\" ><div class='pt-cv-ifield'><h4 class=\"pt-cv-title\"><a href=\"https:\/\/www.imetro.sc.gov.br\/?p=5687\" class=\"_self\" target=\"_self\" >Imetro-SC identifica irregularidades durante opera\u00e7\u00e3o em postos de combust\u00edveis<\/a><\/h4>\n<div class=\"pt-cv-meta-fields\"><span class=\"entry-date\"> <time datetime=\"2026-03-13T15:17:16-03:00\">13 de mar\u00e7o de 2026<\/time><\/span><\/div><\/div><\/div>\n<div class=\"col-md-12 col-sm-12 col-xs-12 pt-cv-content-item pt-cv-1-col\" ><div class='pt-cv-ifield'><h4 class=\"pt-cv-title\"><a href=\"https:\/\/www.imetro.sc.gov.br\/?p=5672\" class=\"_self\" target=\"_self\" >Imetro-SC celebra 21 anos com foco na identifica\u00e7\u00e3o de produtos irregulares e na justa concorr\u00eancia<\/a><\/h4>\n<div class=\"pt-cv-meta-fields\"><span class=\"entry-date\"> <time datetime=\"2026-02-28T16:37:45-03:00\">28 de fevereiro de 2026<\/time><\/span><\/div><\/div><\/div>\n<div class=\"col-md-12 col-sm-12 col-xs-12 pt-cv-content-item pt-cv-1-col\" ><div class='pt-cv-ifield'><h4 class=\"pt-cv-title\"><a href=\"https:\/\/www.imetro.sc.gov.br\/?p=5633\" class=\"_self\" target=\"_self\" >Opera\u00e7\u00e3o Aulas Seguras: Imetro-SC fiscaliza mais de 13 mil itens em Santa Catarina<\/a><\/h4>\n<div class=\"pt-cv-meta-fields\"><span class=\"entry-date\"> <time datetime=\"2026-02-11T17:55:20-03:00\">11 de fevereiro de 2026<\/time><\/span><\/div><\/div><\/div>\n<div class=\"col-md-12 col-sm-12 col-xs-12 pt-cv-content-item pt-cv-1-col\" ><div class='pt-cv-ifield'><h4 class=\"pt-cv-title\"><a href=\"https:\/\/www.imetro.sc.gov.br\/?p=5624\" class=\"_self\" target=\"_self\" >Com mais de 47 mil embalagens analisadas, Compra Segura SC reduz irregularidades em produtos adquiridos pelo Estado<\/a><\/h4>\n<div class=\"pt-cv-meta-fields\"><span class=\"entry-date\"> <time datetime=\"2026-01-30T15:00:00-03:00\">30 de janeiro de 2026<\/time><\/span><\/div><\/div><\/div>\n<div class=\"col-md-12 col-sm-12 col-xs-12 pt-cv-content-item pt-cv-1-col\" ><div class='pt-cv-ifield'><h4 class=\"pt-cv-title\"><a href=\"https:\/\/www.imetro.sc.gov.br\/?p=5602\" class=\"_self\" target=\"_self\" >Retrospectiva 2025: Imetro-SC consolida Programa Compra Segura e alcan\u00e7a 100% de cobertura em postos de combust\u00edveis<\/a><\/h4>\n<div class=\"pt-cv-meta-fields\"><span class=\"entry-date\"> <time datetime=\"2025-12-30T14:08:53-03:00\">30 de dezembro de 2025<\/time><\/span><\/div><\/div><\/div>\n<div class=\"col-md-12 col-sm-12 col-xs-12 pt-cv-content-item pt-cv-1-col\" ><div class='pt-cv-ifield'><h4 class=\"pt-cv-title\"><a href=\"https:\/\/www.imetro.sc.gov.br\/?p=5598\" class=\"_self\" target=\"_self\" >Opera\u00e7\u00e3o Natal Seguro fiscaliza mais de 135 mil produtos em Santa Catarina<\/a><\/h4>\n<div class=\"pt-cv-meta-fields\"><span class=\"entry-date\"> <time datetime=\"2025-12-20T13:57:50-03:00\">20 de dezembro de 2025<\/time><\/span><\/div><\/div><\/div>\n<div class=\"col-md-12 col-sm-12 col-xs-12 pt-cv-content-item pt-cv-1-col\" ><div class='pt-cv-ifield'><h4 class=\"pt-cv-title\"><a href=\"https:\/\/www.imetro.sc.gov.br\/?p=5552\" class=\"_self\" target=\"_self\" >Imetro-SC comemora 20 anos de atua\u00e7\u00e3o em defesa do com\u00e9rcio justo em Santa Catarina<\/a><\/h4>\n<div class=\"pt-cv-meta-fields\"><span class=\"entry-date\"> <time datetime=\"2025-12-11T15:45:51-03:00\">11 de dezembro de 2025<\/time><\/span><\/div><\/div><\/div>\n<div class=\"col-md-12 col-sm-12 col-xs-12 pt-cv-content-item pt-cv-1-col\" ><div class='pt-cv-ifield'><h4 class=\"pt-cv-title\"><a href=\"https:\/\/www.imetro.sc.gov.br\/?p=5549\" class=\"_self\" target=\"_self\" >Opera\u00e7\u00e3o Cesta B\u00e1sica: Imetro-SC fiscaliza mais de 17 mil itens<\/a><\/h4>\n<div class=\"pt-cv-meta-fields\"><span class=\"entry-date\"> <time datetime=\"2025-12-11T15:39:31-03:00\">11 de dezembro de 2025<\/time><\/span><\/div><\/div><\/div>\n<div class=\"col-md-12 col-sm-12 col-xs-12 pt-cv-content-item pt-cv-1-col\" ><div class='pt-cv-ifield'><h4 class=\"pt-cv-title\"><a href=\"https:\/\/www.imetro.sc.gov.br\/?p=5494\" class=\"_self\" target=\"_self\" >Imetro-SC fiscaliza farm\u00e1cias de manipula\u00e7\u00e3o na Opera\u00e7\u00e3o Outubro Rosa<\/a><\/h4>\n<div class=\"pt-cv-meta-fields\"><span class=\"entry-date\"> <time datetime=\"2025-10-17T15:19:53-03:00\">17 de outubro de 2025<\/time><\/span><\/div><\/div><\/div>\n<div class=\"col-md-12 col-sm-12 col-xs-12 pt-cv-content-item pt-cv-1-col\" ><div class='pt-cv-ifield'><h4 class=\"pt-cv-title\"><a href=\"https:\/\/www.imetro.sc.gov.br\/?p=5486\" class=\"_self\" target=\"_self\" >Santa Catarina possui certificadora na \u00e1rea de telecom e de eletrodom\u00e9sticos<\/a><\/h4>\n<div class=\"pt-cv-meta-fields\"><span class=\"entry-date\"> <time datetime=\"2025-10-16T13:07:59-03:00\">16 de outubro de 2025<\/time><\/span><\/div><\/div><\/div>\n<div class=\"col-md-12 col-sm-12 col-xs-12 pt-cv-content-item pt-cv-1-col\" ><div class='pt-cv-ifield'><h4 class=\"pt-cv-title\"><a href=\"https:\/\/www.imetro.sc.gov.br\/?p=5490\" class=\"_self\" target=\"_self\" >Opera\u00e7\u00e3o Crian\u00e7a Segura: Imetro-SC fiscaliza mais de 42 mil brinquedos<\/a><\/h4>\n<div class=\"pt-cv-meta-fields\"><span class=\"entry-date\"> <time datetime=\"2025-10-15T15:17:32-03:00\">15 de outubro de 2025<\/time><\/span><\/div><\/div><\/div>\n<div class=\"col-md-12 col-sm-12 col-xs-12 pt-cv-content-item pt-cv-1-col\" ><div class='pt-cv-ifield'><h4 class=\"pt-cv-title\"><a href=\"https:\/\/www.imetro.sc.gov.br\/?p=5476\" class=\"_self\" target=\"_self\" >Imetro-SC recebe estudantes para promo\u00e7\u00e3o da cidadania e da metrologia no projeto piloto Fiscal Mirim<\/a><\/h4>\n<div class=\"pt-cv-meta-fields\"><span class=\"entry-date\"> <time datetime=\"2025-10-10T11:20:03-03:00\">10 de outubro de 2025<\/time><\/span><\/div><\/div><\/div>\n<div class=\"col-md-12 col-sm-12 col-xs-12 pt-cv-content-item pt-cv-1-col\" ><div class='pt-cv-ifield'><h4 class=\"pt-cv-title\"><a href=\"https:\/\/www.imetro.sc.gov.br\/?p=5465\" class=\"_self\" target=\"_self\" >Compra Segura do Governo de SC \u00e9 destaque em Simp\u00f3sio Nacional<\/a><\/h4>\n<div class=\"pt-cv-meta-fields\"><span class=\"entry-date\"> <time datetime=\"2025-10-03T16:57:59-03:00\">3 de outubro de 2025<\/time><\/span><\/div><\/div><\/div>\n<div class=\"col-md-12 col-sm-12 col-xs-12 pt-cv-content-item pt-cv-1-col\" ><div class='pt-cv-ifield'><h4 class=\"pt-cv-title\"><a href=\"https:\/\/www.imetro.sc.gov.br\/?p=5429\" class=\"_self\" target=\"_self\" >Imetro-SC conclui opera\u00e7\u00e3o Abastecimento Seguro em Santa Catarina<\/a><\/h4>\n<div class=\"pt-cv-meta-fields\"><span class=\"entry-date\"> <time datetime=\"2025-09-25T12:32:33-03:00\">25 de setembro de 2025<\/time><\/span><\/div><\/div><\/div>\n<div class=\"col-md-12 col-sm-12 col-xs-12 pt-cv-content-item pt-cv-1-col\" ><div class='pt-cv-ifield'><h4 class=\"pt-cv-title\"><a href=\"https:\/\/www.imetro.sc.gov.br\/?p=5421\" class=\"_self\" target=\"_self\" >Opera\u00e7\u00e3o Efici\u00eancia Energ\u00e9tica do Imetro-SC fiscaliza eletrodom\u00e9sticos<\/a><\/h4>\n<div class=\"pt-cv-meta-fields\"><span class=\"entry-date\"> <time datetime=\"2025-09-19T15:52:41-03:00\">19 de setembro de 2025<\/time><\/span><\/div><\/div><\/div>\n<div class=\"col-md-12 col-sm-12 col-xs-12 pt-cv-content-item pt-cv-1-col\" ><div class='pt-cv-ifield'><h4 class=\"pt-cv-title\"><a href=\"https:\/\/www.imetro.sc.gov.br\/?p=5412\" class=\"_self\" target=\"_self\" >Opera\u00e7\u00e3o Abastecimento Seguro fiscaliza postos em Santa Catarina<\/a><\/h4>\n<div class=\"pt-cv-meta-fields\"><span class=\"entry-date\"> <time datetime=\"2025-09-19T13:18:45-03:00\">19 de setembro de 2025<\/time><\/span><\/div><\/div><\/div>\n<div class=\"col-md-12 col-sm-12 col-xs-12 pt-cv-content-item pt-cv-1-col\" ><div class='pt-cv-ifield'><h4 class=\"pt-cv-title\"><a href=\"https:\/\/www.imetro.sc.gov.br\/?p=5408\" class=\"_self\" target=\"_self\" >Programa Compra Segura \u00e9 apresentado em semin\u00e1rio nacional de metrologia legal<\/a><\/h4>\n<div class=\"pt-cv-meta-fields\"><span class=\"entry-date\"> <time datetime=\"2025-09-19T13:12:03-03:00\">19 de setembro de 2025<\/time><\/span><\/div><\/div><\/div>\n<div class=\"col-md-12 col-sm-12 col-xs-12 pt-cv-content-item pt-cv-1-col\" ><div class='pt-cv-ifield'><h4 class=\"pt-cv-title\"><a href=\"https:\/\/www.imetro.sc.gov.br\/?p=5400\" class=\"_self\" target=\"_self\" >Imetro-SC fiscaliza produtos pr\u00e9-embalados na Opera\u00e7\u00e3o \u201cGrandes Massas\u201d<\/a><\/h4>\n<div class=\"pt-cv-meta-fields\"><span class=\"entry-date\"> <time datetime=\"2025-09-16T16:35:57-03:00\">16 de setembro de 2025<\/time><\/span><\/div><\/div><\/div><\/div><\/div>\n<div class=\" pt-cv-pagination-wrapper\"><ul class=\"pt-cv-pagination pt-cv-normal pagination\" data-totalpages=\"26\" data-currentpage=\"1\" data-sid=\"9f77aa65pt\" data-unid=\"\" data-isblock=\"\" data-postid=\"\"><li class=\"active\"><a href=\"#\">1<\/a><\/li>\n\t<li ><a class=\"\" href=\"https:\/\/www.imetro.sc.gov.br\/index.php\/?_page=2&#038;rest_route=%2Fwp%2Fv2%2Fpages%2F248\">2<\/a><\/li>\n\t<li ><a class=\"\" href=\"https:\/\/www.imetro.sc.gov.br\/index.php\/?_page=3&#038;rest_route=%2Fwp%2Fv2%2Fpages%2F248\">3<\/a><\/li>\n\t<li ><a href=\"#\">&hellip;<\/a><\/li>\n\t<li ><a class=\"\" href=\"https:\/\/www.imetro.sc.gov.br\/index.php\/?_page=26&#038;rest_route=%2Fwp%2Fv2%2Fpages%2F248\">26<\/a><\/li>\n\t<li ><a class=\" \" href=\"https:\/\/www.imetro.sc.gov.br\/index.php\/?_page=2&#038;rest_route=%2Fwp%2Fv2%2Fpages%2F248\">&rsaquo;<\/a><\/li>\n\t<\/ul><img loading=\"lazy\" decoding=\"async\" width=\"15\" height=\"15\" class=\"pt-cv-spinner\" alt=\"Carregando...;\" src=\"data:image\/gif;base64,R0lGODlhDwAPALMPAMrKygwMDJOTkz09PZWVla+vr3p6euTk5M7OzuXl5TMzMwAAAJmZmWZmZszMzP\/\/\/yH\/C05FVFNDQVBFMi4wAwEAAAAh+QQFCgAPACwAAAAADwAPAAAEQvDJaZaZOIcV8iQK8VRX4iTYoAwZ4iCYoAjZ4RxejhVNoT+mRGP4cyF4Pp0N98sBGIBMEMOotl6YZ3S61Bmbkm4mAgAh+QQFCgAPACwAAAAADQANAAAENPDJSRSZeA418itN8QiK8BiLITVsFiyBBIoYqnoewAD4xPw9iY4XLGYSjkQR4UAUD45DLwIAIfkEBQoADwAsAAAAAA8ACQAABC\/wyVlamTi3nSdgwFNdhEJgTJoNyoB9ISYoQmdjiZPcj7EYCAeCF1gEDo4Dz2eIAAAh+QQFCgAPACwCAAAADQANAAAEM\/DJBxiYeLKdX3IJZT1FU0iIg2RNKx3OkZVnZ98ToRD4MyiDnkAh6BkNC0MvsAj0kMpHBAAh+QQFCgAPACwGAAAACQAPAAAEMDC59KpFDll73HkAA2wVY5KgiK5b0RRoI6MuzG6EQqCDMlSGheEhUAgqgUUAFRySIgAh+QQFCgAPACwCAAIADQANAAAEM\/DJKZNLND\/kkKaHc3xk+QAMYDKsiaqmZCxGVjSFFCxB1vwy2oOgIDxuucxAMTAJFAJNBAAh+QQFCgAPACwAAAYADwAJAAAEMNAs86q1yaWwwv2Ig0jUZx3OYa4XoRAfwADXoAwfo1+CIjyFRuEho60aSNYlOPxEAAAh+QQFCgAPACwAAAIADQANAAAENPA9s4y8+IUVcqaWJ4qEQozSoAzoIyhCK2NFU2SJk0hNnyEOhKR2AzAAj4Pj4GE4W0bkJQIAOw==\" \/><div class=\"clear pt-cv-clear-pagination\"><\/div><\/div><\/div>\n","protected":false},"excerpt":{"rendered":"","protected":false},"author":2,"featured_media":0,"parent":0,"menu_order":0,"comment_status":"closed","ping_status":"closed","template":"","meta":{"_lmt_disableupdate":"","_lmt_disable":"","footnotes":""},"publishpress_future_action":{"enabled":false,"date":"2026-04-15 00:26:07","action":"change-status","newStatus":"draft","terms":[],"taxonomy":""},"_links":{"self":[{"href":"https:\/\/www.imetro.sc.gov.br\/index.php?rest_route=\/wp\/v2\/pages\/248"}],"collection":[{"href":"https:\/\/www.imetro.sc.gov.br\/index.php?rest_route=\/wp\/v2\/pages"}],"about":[{"href":"https:\/\/www.imetro.sc.gov.br\/index.php?rest_route=\/wp\/v2\/types\/page"}],"author":[{"embeddable":true,"href":"https:\/\/www.imetro.sc.gov.br\/index.php?rest_route=\/wp\/v2\/users\/2"}],"replies":[{"embeddable":true,"href":"https:\/\/www.imetro.sc.gov.br\/index.php?rest_route=%2Fwp%2Fv2%2Fcomments&post=248"}],"version-history":[{"count":1,"href":"https:\/\/www.imetro.sc.gov.br\/index.php?rest_route=\/wp\/v2\/pages\/248\/revisions"}],"predecessor-version":[{"id":4551,"href":"https:\/\/www.imetro.sc.gov.br\/index.php?rest_route=\/wp\/v2\/pages\/248\/revisions\/4551"}],"wp:attachment":[{"href":"https:\/\/www.imetro.sc.gov.br\/index.php?rest_route=%2Fwp%2Fv2%2Fmedia&parent=248"}],"curies":[{"name":"wp","href":"https:\/\/api.w.org\/{rel}","templated":true}]}}