{"id":176,"date":"2021-07-14T14:38:55","date_gmt":"2021-07-14T17:38:55","guid":{"rendered":"http:\/\/websites.sc.gov.br\/imetrosc\/?page_id=176"},"modified":"2024-10-09T16:26:41","modified_gmt":"2024-10-09T19:26:41","slug":"projetos","status":"publish","type":"page","link":"https:\/\/www.imetro.sc.gov.br\/projetos\/","title":{"rendered":"Projetos"},"content":{"rendered":"<h3 id=\"indice\">\u00cdndice<\/h3>\n<ul>\n<li style=\"list-style-type: none\">\n<ul>\n<li><a href=\"#nuproj\">N\u00facleo de Gest\u00e3o de Projetos &#8211; NUPROJ\/IMETRO-SC<\/a><\/li>\n<li><a href=\"#nuproc\">N\u00facleo de Gest\u00e3o de Processos \u2013 NUPROC\/IMETRO-SC<\/a><\/li>\n<\/ul>\n<\/li>\n<\/ul>\n<p>&nbsp;<\/p>\n<hr \/>\n<h5><\/h5>\n<h2 id=\"nuproj\">N\u00facleo de Gest\u00e3o de Projetos \u2013 NUPROJ\/IMETRO-SC<\/h2>\n<p>O Nuproj\/Imetro-SC foi institu\u00eddo em dezembro de 2021 por meio da Portaria n.\u00ba 59\/2021 e tem como objetivo do Poder Executivo Estadual garantir o sucesso dos projetos, promovendo a melhoria cont\u00ednua na gest\u00e3o e execu\u00e7\u00e3o, al\u00e9m de fornecer suporte e orienta\u00e7\u00e3o para alcan\u00e7ar os objetivos institucionais.<\/p>\n<p>Membros do Nuproj-Imetro\/SC<\/p>\n<p><strong>Juliana Fernandes<\/strong><br \/>\nCoordenadora de Controle Interno<br \/>\nCoordenador do N\u00facleo;<\/p>\n<p><strong>Andreia Bunn<\/strong><br \/>\nGerente de Licita\u00e7\u00f5es e Contratos<\/p>\n<p><strong>Alexsandra da Silva Paloschi<\/strong><br \/>\nGerente de Planejamento e Avalia\u00e7\u00e3o<\/p>\n<p><strong>Aurelio Barvik<\/strong><br \/>\nAssessor Administrativo<\/p>\n<p><strong>Alex dos Santos<\/strong><br \/>\nAnalista de Inform\u00e1tica<\/p>\n<p><strong>Renata Santos da Silva<\/strong><br \/>\nEncarregada pelo Tratamento de Dados Pessoais<\/p>\n<h5><a href=\"#indice\">Voltar ao \u00edndice<\/a><\/h5>\n<hr \/>\n<h2 id=\"nuproc\">N\u00facleo de Gest\u00e3o de Processos \u2013 NUPROC\/IMETRO-SC<\/h2>\n<p>O Nuproc\/Imetro-SC foi institu\u00eddo em setembro deste exerc\u00edcio por meio da Portaria n.\u00ba 49\/2021 e tem como objetivo contribuir para a implementa\u00e7\u00e3o do \u201cModelo de Governan\u00e7a por Processos\u201d do Poder Executivo Estadual que tem como objetivo:<\/p>\n<blockquote>[&#8230;} contemplar a identifica\u00e7\u00e3o, o entendimento, o registro, a transforma\u00e7\u00e3o, o monitoramento, a melhoria cont\u00ednua e o controle dos processos organizacionais com a finalidade de alcan\u00e7ar melhores resultados e alinh\u00e1-los \u00e0s estrat\u00e9gias da organiza\u00e7\u00e3o.<\/p><\/blockquote>\n<p>Membros do Nuproc-Imetro\/SC<\/p>\n<p><strong>Juliana Fernandes<\/strong><br \/>\nCoordenadora de Controle Interno<br \/>\nCoordenador do N\u00facleo;<\/p>\n<p><strong>Andreia Bunn<\/strong><br \/>\nGerente de Licita\u00e7\u00f5es e Contratos<\/p>\n<p><strong>Renata Santos da Silva<\/strong><br \/>\nEncarregada pelo Tratamento de Dados Pessoais<\/p>\n<p><strong>Alexsandra da Silva Paloschi<\/strong><br \/>\nGerente de Planejamento e Avalia\u00e7\u00e3o<\/p>\n<p><strong>Aurelio Barvik<\/strong><br \/>\nAssessor Administrativo<\/p>\n<p><strong>Alex dos Santos<\/strong><br \/>\nAnalista de Inform\u00e1tica<\/p>\n<h5><a href=\"#indice\">Voltar ao \u00edndice<\/a><\/h5>\n<hr \/>\n<h5><\/h5>\n<p>&nbsp;<\/p>\n","protected":false},"excerpt":{"rendered":"<p>\u00cdndice N\u00facleo de Gest\u00e3o de Projetos &#8211; NUPROJ\/IMETRO-SC N\u00facleo de Gest\u00e3o de Processos \u2013 NUPROC\/IMETRO-SC &nbsp; N\u00facleo de Gest\u00e3o de Projetos \u2013 NUPROJ\/IMETRO-SC O Nuproj\/Imetro-SC&hellip;<\/p>\n","protected":false},"author":2,"featured_media":0,"parent":0,"menu_order":0,"comment_status":"closed","ping_status":"closed","template":"","meta":{"_lmt_disableupdate":"no","_lmt_disable":"","footnotes":""},"publishpress_future_action":{"enabled":false,"date":"2026-04-27 05:59:00","action":"change-status","newStatus":"draft","terms":[],"taxonomy":""},"_links":{"self":[{"href":"https:\/\/www.imetro.sc.gov.br\/wp-json\/wp\/v2\/pages\/176"}],"collection":[{"href":"https:\/\/www.imetro.sc.gov.br\/wp-json\/wp\/v2\/pages"}],"about":[{"href":"https:\/\/www.imetro.sc.gov.br\/wp-json\/wp\/v2\/types\/page"}],"author":[{"embeddable":true,"href":"https:\/\/www.imetro.sc.gov.br\/wp-json\/wp\/v2\/users\/2"}],"replies":[{"embeddable":true,"href":"https:\/\/www.imetro.sc.gov.br\/wp-json\/wp\/v2\/comments?post=176"}],"version-history":[{"count":10,"href":"https:\/\/www.imetro.sc.gov.br\/wp-json\/wp\/v2\/pages\/176\/revisions"}],"predecessor-version":[{"id":4850,"href":"https:\/\/www.imetro.sc.gov.br\/wp-json\/wp\/v2\/pages\/176\/revisions\/4850"}],"wp:attachment":[{"href":"https:\/\/www.imetro.sc.gov.br\/wp-json\/wp\/v2\/media?parent=176"}],"curies":[{"name":"wp","href":"https:\/\/api.w.org\/{rel}","templated":true}]}}