{"id":1703,"date":"2021-08-16T15:39:24","date_gmt":"2021-08-16T18:39:24","guid":{"rendered":"http:\/\/websites.sc.gov.br\/imetrosc\/?page_id=1703"},"modified":"2025-09-30T15:14:42","modified_gmt":"2025-09-30T18:14:42","slug":"vtr-veiculo-tanque-rodoviario","status":"publish","type":"page","link":"https:\/\/www.imetro.sc.gov.br\/?page_id=1703","title":{"rendered":"VTR &#8211; Ve\u00edculo Tanque Rodovi\u00e1rio"},"content":{"rendered":"<p>Informamos que a partir da data de 01\/08\/2020 os agendamentos para verifica\u00e7\u00e3o de ve\u00edculos tanque rodovi\u00e1rios ser\u00e3o feitos exclusivamente pelos e-mails:<\/p>\n<div>\n<p><span style=\"color: #0b5394\"><b><a href=\"mailto:vtritajai@imetro.sc.gov.br\" target=\"_blank\" rel=\"noopener\">vtritajai@imetro.sc.gov.br<\/a> &#8211; Para verifica\u00e7\u00f5es no Posto de VTR em Itaja\u00ed<\/b><\/span><span style=\"color: #0b5394\"><b>\u00a0<\/b><\/span><\/p>\n<div><span style=\"color: #0b5394\"><b><a href=\"mailto:vtrchapeco@imetro.sc.gov.br\" target=\"_blank\" rel=\"noopener\">vtrchapeco@imetro.sc.gov.br<\/a> &#8211; Para verifica\u00e7\u00f5es no Posto de VTR em Chapec\u00f3<\/b><\/span><\/div>\n<\/div>\n<p>&nbsp;<\/p>\n<p>Os agendamentos respeitar\u00e3o a ordem de recebimento das solicita\u00e7\u00f5es com dados completos, corretos e leg\u00edveis e com observ\u00e2ncia \u00e0s demais solicita\u00e7\u00f5es deste documento, bem como \u00e0 otimiza\u00e7\u00e3o do servi\u00e7o.<\/p>\n<p><em><span style=\"color: #ff0000\"><i>O envio da data, <u>ordem de atendimento<\/u> e da respectiva GRU acontecer\u00e1 em at\u00e9 <u>5 dias<\/u> \u00fateis para o endere\u00e7o de e-mail do solicitante. N\u00e3o \u00e9 necess\u00e1rio ligar. Somente <u>ap\u00f3s este prazo<\/u>, se a resposta n\u00e3o for recebida, entre em contato pelo n\u00famero de telefone (47) 3398-6581, para o Posto de VTR em <\/i><i>Itaja\u00ed, ou\u00a0 pelo n\u00famero (49) 2049-7715, para o Posto de VTR em Chapec\u00f3.<\/i><\/span><\/em><\/p>\n<p>Para solicitar o agendamento:<\/p>\n<ol>\n<li>Informe no campo \u201c<strong><u>Assunto<\/u><\/strong>\u201d do e-mail a(s) <strong><u>placa(s)<\/u><\/strong> do ve\u00edculo (ex: \u201cVerifica\u00e7\u00e3o IMT 2020\u201d). Solicite apenas <u>um agendamento<\/u> por e-mail (ve\u00edculos que possuem dois ou mais tanques devem ser encaminhados no mesmo e-mail).<\/li>\n<li>Anexos:\n<ol style=\"list-style-type: lower-alpha\">\n<li>Para primeira verifica\u00e7\u00e3o:\n<ol style=\"list-style-type: upper-roman\">\n<li>Anexe <u>c\u00f3pia leg\u00edvel<\/u> do <strong>Certificado de Propriedade<\/strong> (CLRV ou, na falta deste, da <strong>Nota Fiscal<\/strong> do ve\u00edculo<\/li>\n<li><u>Informe<\/u> no corpo do e-mail:\n<ul>\n<li>O n\u00famero de tanques;<\/li>\n<li>A capacidade em litros de cada compartimento;<\/li>\n<li>Caso possuam, a quantidade de dispositivos de refer\u00eancia <u>adicionais<\/u> (setas) em cada compartimento e as respectivas indica\u00e7\u00f5es (em litros)<\/li>\n<\/ul>\n<\/li>\n<\/ol>\n<\/li>\n<li>Para verifica\u00e7\u00e3o Peri\u00f3dica e Eventual:\n<ol style=\"list-style-type: upper-roman\">\n<li>Anexe <u>c\u00f3pia leg\u00edvel<\/u> do <strong>Certificado de Propriedade<\/strong> (CLRV) e do <strong>Certificado de Verifica\u00e7\u00e3o<\/strong> anterior.<\/li>\n<li>Informe eventuais adi\u00e7\u00f5es de dispositivos de refer\u00eancia (seta) e modifica\u00e7\u00f5es que alterem as caracter\u00edsticas t\u00e9cnicas do tanque de carga.<\/li>\n<\/ol>\n<\/li>\n<\/ol>\n<\/li>\n<li>Informe o nome completo de um respons\u00e1vel e contatos.<\/li>\n<\/ol>\n<p><strong>Na <u>data de verifica\u00e7\u00e3o<\/u>, apresente os seguintes documentos <u>originais<\/u><\/strong> (na falta de algum destes, apresente declara\u00e7\u00e3o de extravio com firma reconhecida pelo propriet\u00e1rio do ve\u00edculo tanque, juntamente com o respectivo Boletim de Ocorr\u00eancia):<\/p>\n<ol style=\"list-style-type: lower-alpha\">\n<li>Para primeira verifica\u00e7\u00e3o:\n<ul>\n<li>Declara\u00e7\u00e3o de conformidade;<\/li>\n<li>Nota fiscal do tanque;<\/li>\n<li>Certificado de propriedade (CRLV), se houver;<\/li>\n<li>Certificado de Inspe\u00e7\u00e3o Veicular (CIV);<\/li>\n<li>Certificado de Inspe\u00e7\u00e3o de Produtos Perigosos (CIPP);<\/li>\n<li>Certificado de verifica\u00e7\u00e3o do cronotac\u00f3grafo;<\/li>\n<li>Data book<\/li>\n<\/ul>\n<\/li>\n<li>Para verifica\u00e7\u00e3o peri\u00f3dica ou eventual:\n<ul>\n<li>Certificado de verifica\u00e7\u00e3o anterior;<\/li>\n<li>Certificado de propriedade (CRLV);<\/li>\n<li>Certificado de Inspe\u00e7\u00e3o Veicular (CIV);<\/li>\n<li>Certificado de Inspe\u00e7\u00e3o de Produtos Perigosos (CIPP);<\/li>\n<li>Certificado de verifica\u00e7\u00e3o do cronotac\u00f3grafo;<\/li>\n<li>Certificado de desgaseifica\u00e7\u00e3o conforme normas em vigor.<\/li>\n<\/ul>\n<\/li>\n<\/ol>\n<h4>ATEN\u00c7\u00c3O:<\/h4>\n<ul>\n<li>Toler\u00e2ncia de 10 minutos para apresenta\u00e7\u00e3o do ve\u00edculo, ap\u00f3s o qual dever\u00e1 ser realizado novo agendamento por e-mail;<\/li>\n<li>A verifica\u00e7\u00e3o poder\u00e1 ser cancelada e\/ou reagendada em virtude de impossibilidade t\u00e9cnica para realiza\u00e7\u00e3o da mesma, bem como por irregularidades na documenta\u00e7\u00e3o entregue;<\/li>\n<li>Valores de taxas conforme Portaria Interministerial MF\/MDIC 44, de 27 de janeiro de 2017.<\/li>\n<\/ul>\n","protected":false},"excerpt":{"rendered":"<p>Informamos que a partir da data de 01\/08\/2020 os agendamentos para verifica\u00e7\u00e3o de ve\u00edculos tanque rodovi\u00e1rios ser\u00e3o feitos exclusivamente pelos e-mails: vtritajai@imetro.sc.gov.br &#8211; Para verifica\u00e7\u00f5es&hellip;<\/p>\n","protected":false},"author":2,"featured_media":356,"parent":0,"menu_order":0,"comment_status":"closed","ping_status":"closed","template":"","meta":{"_lmt_disableupdate":"no","_lmt_disable":"","footnotes":""},"publishpress_future_action":{"enabled":false,"date":"2026-04-16 02:57:39","action":"change-status","newStatus":"draft","terms":[],"taxonomy":""},"_links":{"self":[{"href":"https:\/\/www.imetro.sc.gov.br\/index.php?rest_route=\/wp\/v2\/pages\/1703"}],"collection":[{"href":"https:\/\/www.imetro.sc.gov.br\/index.php?rest_route=\/wp\/v2\/pages"}],"about":[{"href":"https:\/\/www.imetro.sc.gov.br\/index.php?rest_route=\/wp\/v2\/types\/page"}],"author":[{"embeddable":true,"href":"https:\/\/www.imetro.sc.gov.br\/index.php?rest_route=\/wp\/v2\/users\/2"}],"replies":[{"embeddable":true,"href":"https:\/\/www.imetro.sc.gov.br\/index.php?rest_route=%2Fwp%2Fv2%2Fcomments&post=1703"}],"version-history":[{"count":2,"href":"https:\/\/www.imetro.sc.gov.br\/index.php?rest_route=\/wp\/v2\/pages\/1703\/revisions"}],"predecessor-version":[{"id":5445,"href":"https:\/\/www.imetro.sc.gov.br\/index.php?rest_route=\/wp\/v2\/pages\/1703\/revisions\/5445"}],"wp:featuredmedia":[{"embeddable":true,"href":"https:\/\/www.imetro.sc.gov.br\/index.php?rest_route=\/wp\/v2\/media\/356"}],"wp:attachment":[{"href":"https:\/\/www.imetro.sc.gov.br\/index.php?rest_route=%2Fwp%2Fv2%2Fmedia&parent=1703"}],"curies":[{"name":"wp","href":"https:\/\/api.w.org\/{rel}","templated":true}]}}